{"id":124,"date":"2015-10-16T15:42:42","date_gmt":"2015-10-16T15:42:42","guid":{"rendered":"http:\/\/handwerk-atelier.ch\/?page_id=124"},"modified":"2025-09-14T11:42:07","modified_gmt":"2025-09-14T09:42:07","slug":"startseite-2","status":"publish","type":"page","link":"https:\/\/handwerk-atelier.ch\/","title":{"rendered":"HandWerk Atelier in Gossau"},"content":{"rendered":"<p>Herzlich willkommen im HandWerk Atelier in Gossau. In einer gem\u00fctlichen Atmosph\u00e4re kann handwerkliches Tun gelebt werden.<\/p>\n<p>Und das bieten wir an:<\/p>\n<ul>\n<li>begleitetes oder freies Gestalten im HandWerk Atelier (z.B. auch Flickabende)<\/li>\n<li>Plattform f\u00fcr Kursleiter<\/li>\n<\/ul>\n<p>Ger\u00e4te und Werkmaterial werden zur Verf\u00fcgung gestellt, oder k\u00f6nnen mitgebracht werden. Auch haben wir eine kleine Sitzecke mit vielen inspirierenden B\u00fcchern eingerichtet.<\/p>\n<h1 style=\"text-align: left;\"><img loading=\"lazy\" decoding=\"async\" class=\"wp-image-824  alignleft\" src=\"http:\/\/handwerk-atelier.ch\/wp-content\/uploads\/IMG_20190505_125302-e1558619356364.jpg\" alt=\"\" width=\"259\" height=\"194\" \/><strong>\u00d6ffnungszeiten<br \/><\/strong><\/h1>\n<p style=\"text-align: left;\">Montag bis Donnerstag von 9.00 &#8211; 11.30 Uhr nur auf Anfrage ge\u00f6ffnet<\/p>\n<p>Abends nur auf Anfrage ge\u00f6ffnet<\/p>\n<h3 style=\"text-align: left;\">Kinderbasteln:<\/h3>\n<p style=\"text-align: left;\">Das Kinderbasteln findet bis auf weiteres nicht mehr statt.\u00a0<\/p>\n<h3 style=\"text-align: left;\">Beratungen mit Aroma\u00f6len:<\/h3>\n<p style=\"text-align: left;\">Kennst du die vielversprechende Wirkung reiner nat\u00fcrlicher \u00e4therischer \u00d6le? Lerne, wie du diese \u00d6le und nat\u00fcrlichen Produkte von doTERRA f\u00fcr dich und deine Familie anwenden kannst. Corinne Benz ber\u00e4t dich gerne auf Anfrage. Neu im Angebot sind Beratungen mit dem Zyto Handscanner.<\/p>\n<h1><strong>Kosten im HandWerk Atelier:<\/strong><\/h1>\n<p>Fr. 25.-\/Vormittag (mit Anleitung plus Materialkosten nach Aufwand)<\/p>\n<p><strong>Abo-Preis:\u00a0 <\/strong>Fr. 110.- (5x Fr. 22.-\/Vormittag resp. Abend)<\/p>\n<h3><img loading=\"lazy\" decoding=\"async\" class=\"wp-image-845  alignright\" src=\"http:\/\/handwerk-atelier.ch\/wp-content\/uploads\/IMG_20190607_111139.jpg\" alt=\"\" width=\"328\" height=\"246\" srcset=\"https:\/\/handwerk-atelier.ch\/wp-content\/uploads\/IMG_20190607_111139.jpg 2048w, https:\/\/handwerk-atelier.ch\/wp-content\/uploads\/IMG_20190607_111139-300x225.jpg 300w, https:\/\/handwerk-atelier.ch\/wp-content\/uploads\/IMG_20190607_111139-768x576.jpg 768w, https:\/\/handwerk-atelier.ch\/wp-content\/uploads\/IMG_20190607_111139-1024x768.jpg 1024w\" sizes=\"auto, (max-width: 328px) 100vw, 328px\" \/><\/h3>\n<h3>\u00a0<\/h3>\n<h3><span style=\"color: #000000;\">Atelier &#8211; Miete:<\/span><\/h3>\n<p>Auf Anfrage.<\/p>\n<p><strong>Schauen Sie doch unverbindlich bei uns hinein. Wir freuen uns auf Sie.<\/strong><\/p>\n\n\n<p><\/p>\n","protected":false},"excerpt":{"rendered":"<p>Herzlich willkommen im HandWerk Atelier in Gossau. In einer gem\u00fctlichen Atmosph\u00e4re kann handwerkliches Tun gelebt werden. Und das bieten wir an: begleitetes oder freies Gestalten im HandWerk Atelier (z.B. auch Flickabende) Plattform f\u00fcr Kursleiter Ger\u00e4te und Werkmaterial werden zur Verf\u00fcgung gestellt, oder k\u00f6nnen mitgebracht werden. Auch haben wir eine kleine Sitzecke mit vielen inspirierenden B\u00fcchern [&hellip;]<\/p>\n","protected":false},"author":1,"featured_media":0,"parent":0,"menu_order":10,"comment_status":"closed","ping_status":"closed","template":"page-fullwidth.php","meta":{"footnotes":""},"class_list":["post-124","page","type-page","status-publish","hentry"],"_links":{"self":[{"href":"https:\/\/handwerk-atelier.ch\/index.php\/wp-json\/wp\/v2\/pages\/124","targetHints":{"allow":["GET"]}}],"collection":[{"href":"https:\/\/handwerk-atelier.ch\/index.php\/wp-json\/wp\/v2\/pages"}],"about":[{"href":"https:\/\/handwerk-atelier.ch\/index.php\/wp-json\/wp\/v2\/types\/page"}],"author":[{"embeddable":true,"href":"https:\/\/handwerk-atelier.ch\/index.php\/wp-json\/wp\/v2\/users\/1"}],"replies":[{"embeddable":true,"href":"https:\/\/handwerk-atelier.ch\/index.php\/wp-json\/wp\/v2\/comments?post=124"}],"version-history":[{"count":99,"href":"https:\/\/handwerk-atelier.ch\/index.php\/wp-json\/wp\/v2\/pages\/124\/revisions"}],"predecessor-version":[{"id":1082,"href":"https:\/\/handwerk-atelier.ch\/index.php\/wp-json\/wp\/v2\/pages\/124\/revisions\/1082"}],"wp:attachment":[{"href":"https:\/\/handwerk-atelier.ch\/index.php\/wp-json\/wp\/v2\/media?parent=124"}],"curies":[{"name":"wp","href":"https:\/\/api.w.org\/{rel}","templated":true}]}}